{"id":1040,"date":"2015-04-11T16:54:48","date_gmt":"2015-04-11T16:54:48","guid":{"rendered":"http:\/\/dev.hotelladina.ch\/guestbook\/ins-gastebuch-eintragen\/"},"modified":"2021-02-09T14:27:41","modified_gmt":"2021-02-09T14:27:41","slug":"sign-a-guestbook","status":"publish","type":"page","link":"http:\/\/dev.hotelladina.ch\/en\/guestbook\/sign-a-guestbook\/","title":{"rendered":"Sign a guestbook"},"content":{"rendered":"<div class=\"subNav\">\n<ul class=\"clearfix\">\n<li><a href=\"http:\/\/dev.hotelladina.ch\/en\/guestbook\/\">Guestbook<\/a><\/li>\n<li class=\"current-page-item\"><a>Sign a guestbook<\/a><\/li>\n<\/ul>\n<\/div>\n\n                <div class='gf_browser_gecko gform_wrapper' id='gform_wrapper_2' ><div id='gf_2' class='gform_anchor' tabindex='-1'><\/div><form method='post' enctype='multipart\/form-data' target='gform_ajax_frame_2' id='gform_2'  action='\/en\/wp-json\/wp\/v2\/pages\/1040#gf_2'>\n                        <div class='gform_heading'>\n                            <span class='gform_description'>Wir freuen uns, wenn Sie in unserem G\u00e4stebuch \u00fcber Ihren Aufenthalt bei uns berichten. Herzlichen Dank f\u00fcr Ihren Beitrag!<\/span>\n                        <\/div>\n                        <div class='gform_body'><ul id='gform_fields_2' class='gform_fields top_label form_sublabel_below description_below'><li id='field_2_1'  class='gfield gfield_contains_required field_sublabel_below field_description_below gfield_visibility_visible' ><label class='gfield_label' for='input_2_1' >Name<span class='gfield_required'>*<\/span><\/label><div class='ginput_container ginput_container_post_title'>\n\t\t\t\t\t<input name='input_1' id='input_2_1' type='text' value='' class='medium'   aria-required=\"true\" aria-invalid=\"false\"  \/>\n\t\t\t\t<\/div><\/li><li id='field_2_3'  class='gfield gfield_contains_required field_sublabel_below field_description_below gfield_visibility_visible' ><label class='gfield_label' for='input_2_3' >E-mail<span class='gfield_required'>*<\/span><\/label><div class='ginput_container ginput_container_email'>\n                            <input name='input_3' id='input_2_3' type='text' value='' class='medium'    aria-required=\"true\" aria-invalid=\"false\" \/>\n                        <\/div><\/li><li id='field_2_2'  class='gfield fullwidth gfield_contains_required field_sublabel_below field_description_below gfield_visibility_visible' ><label class='gfield_label' for='input_2_2' >Hier k\u00f6nnen Sie Ihre Eindr\u00fccke und Erlebnisse schildern<span class='gfield_required'>*<\/span><\/label><div class='ginput_container ginput_container_textarea'><textarea name='input_2' id='input_2_2' class='textarea medium'     aria-required=\"true\" aria-invalid=\"false\"   rows='10' cols='50'><\/textarea><\/div><\/li><li id='field_2_4'  class='gfield field_sublabel_below field_description_below gfield_visibility_visible' ><label class='gfield_label' for='input_2_4' >Bitte geben Sie die abgebildeten Zeichen ein<\/label><div class='gfield_captcha_container'><img class='gfield_captcha' src='http:\/\/dev.hotelladina.ch\/wp-content\/uploads\/gravity_forms\/0-cee668421f0734fd7b29e3fb3e0179b9\/1674091061.png' alt='' width='100' height='28' \/><div class='gfield_captcha_input_container simple_captcha_small'><input type='text' name='input_4' id='input_2_4' \/><input type='hidden' name='input_captcha_prefix_4' value='1674091061' \/><\/div><\/div><\/li>\n                            <\/ul><\/div>\n        <div class='gform_footer top_label'> <input type='submit' id='gform_submit_button_2' class='gform_button button' value='Absenden'  onclick='if(window[\"gf_submitting_2\"]){return false;}  window[\"gf_submitting_2\"]=true;  ' onkeypress='if( event.keyCode == 13 ){ if(window[\"gf_submitting_2\"]){return false;} window[\"gf_submitting_2\"]=true;  jQuery(\"#gform_2\").trigger(\"submit\",[true]); }' \/> <input type='hidden' name='gform_ajax' value='form_id=2&amp;title=&amp;description=1&amp;tabindex=0' \/>\n            <input type='hidden' class='gform_hidden' name='is_submit_2' value='1' \/>\n            <input type='hidden' class='gform_hidden' name='gform_submit' value='2' \/>\n            \n            <input type='hidden' class='gform_hidden' name='gform_unique_id' value='' \/>\n            <input type='hidden' class='gform_hidden' name='state_2' value='WyJbXSIsIjRlOWYyZGIwYmI4YWFiZmJjNmY0MDU1NmUwZTkwN2Q1Il0=' \/>\n            <input type='hidden' class='gform_hidden' name='gform_target_page_number_2' id='gform_target_page_number_2' value='0' \/>\n            <input type='hidden' class='gform_hidden' name='gform_source_page_number_2' id='gform_source_page_number_2' value='1' \/>\n            <input type='hidden' name='gform_field_values' value='' \/>\n            \n        <\/div>\n                        <\/form>\n                        <\/div>\n                <iframe style='display:none;width:0px;height:0px;' src='about:blank' name='gform_ajax_frame_2' id='gform_ajax_frame_2'>This iframe contains the logic required to handle Ajax powered Gravity Forms.<\/iframe>\n                <script type='text\/javascript'>jQuery(document).ready(function($){gformInitSpinner( 2, 'http:\/\/dev.hotelladina.ch\/wp-content\/plugins\/gravityforms\/images\/spinner.gif' );jQuery('#gform_ajax_frame_2').on('load',function(){var contents = jQuery(this).contents().find('*').html();var is_postback = contents.indexOf('GF_AJAX_POSTBACK') >= 0;if(!is_postback){return;}var form_content = jQuery(this).contents().find('#gform_wrapper_2');var is_confirmation = jQuery(this).contents().find('#gform_confirmation_wrapper_2').length > 0;var is_redirect = contents.indexOf('gformRedirect(){') >= 0;var is_form = form_content.length > 0 && ! is_redirect && ! is_confirmation;var mt = parseInt(jQuery('html').css('margin-top'), 10) + parseInt(jQuery('body').css('margin-top'), 10) + 100;if(is_form){jQuery('#gform_wrapper_2').html(form_content.html());if(form_content.hasClass('gform_validation_error')){jQuery('#gform_wrapper_2').addClass('gform_validation_error');} else {jQuery('#gform_wrapper_2').removeClass('gform_validation_error');}setTimeout( function() { \/* delay the scroll by 50 milliseconds to fix a bug in chrome *\/ jQuery(document).scrollTop(jQuery('#gform_wrapper_2').offset().top - mt); }, 50 );if(window['gformInitDatepicker']) {gformInitDatepicker();}if(window['gformInitPriceFields']) {gformInitPriceFields();}var current_page = jQuery('#gform_source_page_number_2').val();gformInitSpinner( 2, 'http:\/\/dev.hotelladina.ch\/wp-content\/plugins\/gravityforms\/images\/spinner.gif' );jQuery(document).trigger('gform_page_loaded', [2, current_page]);window['gf_submitting_2'] = false;}else if(!is_redirect){var confirmation_content = jQuery(this).contents().find('.GF_AJAX_POSTBACK').html();if(!confirmation_content){confirmation_content = contents;}setTimeout(function(){jQuery('#gform_wrapper_2').replaceWith(confirmation_content);jQuery(document).scrollTop(jQuery('#gf_2').offset().top - mt);jQuery(document).trigger('gform_confirmation_loaded', [2]);window['gf_submitting_2'] = false;}, 50);}else{jQuery('#gform_2').append(contents);if(window['gformRedirect']) {gformRedirect();}}jQuery(document).trigger('gform_post_render', [2, current_page]);} );} );<\/script><script type='text\/javascript'> jQuery(document).bind('gform_post_render', function(event, formId, currentPage){if(formId == 2) {} } );jQuery(document).bind('gform_post_conditional_logic', function(event, formId, fields, isInit){} );<\/script><script type='text\/javascript'> jQuery(document).ready(function(){jQuery(document).trigger('gform_post_render', [2, 1]) } ); <\/script>\n","protected":false},"excerpt":{"rendered":"<p>Guestbook Sign a guestbook<\/p>\n","protected":false},"author":5,"featured_media":0,"parent":237,"menu_order":0,"comment_status":"open","ping_status":"open","template":"","meta":[],"yoast_head":"<!-- This site is optimized with the Yoast SEO plugin v15.8 - https:\/\/yoast.com\/wordpress\/plugins\/seo\/ -->\n<meta name=\"robots\" content=\"index, follow, max-snippet:-1, max-image-preview:large, max-video-preview:-1\" \/>\n<link rel=\"canonical\" href=\"http:\/\/dev.hotelladina.ch\/en\/guestbook\/sign-a-guestbook\/\" \/>\n<meta property=\"og:locale\" content=\"en_US\" \/>\n<meta property=\"og:type\" content=\"article\" \/>\n<meta property=\"og:title\" content=\"Sign a guestbook | Hotelladina.ch\" \/>\n<meta property=\"og:description\" content=\"Guestbook Sign a guestbook\" \/>\n<meta property=\"og:url\" content=\"http:\/\/dev.hotelladina.ch\/en\/guestbook\/sign-a-guestbook\/\" \/>\n<meta property=\"og:site_name\" content=\"Hotelladina.ch\" \/>\n<meta property=\"article:modified_time\" content=\"2021-02-09T14:27:41+00:00\" \/>\n<meta name=\"twitter:card\" content=\"summary_large_image\" \/>\n<script type=\"application\/ld+json\" class=\"yoast-schema-graph\">{\"@context\":\"https:\/\/schema.org\",\"@graph\":[{\"@type\":\"WebSite\",\"@id\":\"http:\/\/dev.hotelladina.ch\/#website\",\"url\":\"http:\/\/dev.hotelladina.ch\/\",\"name\":\"Hotelladina.ch\",\"description\":\"Traumhafte Ferien verbringen\",\"potentialAction\":[{\"@type\":\"SearchAction\",\"target\":\"http:\/\/dev.hotelladina.ch\/?s={search_term_string}\",\"query-input\":\"required name=search_term_string\"}],\"inLanguage\":\"en-US\"},{\"@type\":\"WebPage\",\"@id\":\"http:\/\/dev.hotelladina.ch\/en\/guestbook\/sign-a-guestbook\/#webpage\",\"url\":\"http:\/\/dev.hotelladina.ch\/en\/guestbook\/sign-a-guestbook\/\",\"name\":\"Sign a guestbook | Hotelladina.ch\",\"isPartOf\":{\"@id\":\"http:\/\/dev.hotelladina.ch\/#website\"},\"datePublished\":\"2015-04-11T16:54:48+00:00\",\"dateModified\":\"2021-02-09T14:27:41+00:00\",\"breadcrumb\":{\"@id\":\"http:\/\/dev.hotelladina.ch\/en\/guestbook\/sign-a-guestbook\/#breadcrumb\"},\"inLanguage\":\"en-US\",\"potentialAction\":[{\"@type\":\"ReadAction\",\"target\":[\"http:\/\/dev.hotelladina.ch\/en\/guestbook\/sign-a-guestbook\/\"]}]},{\"@type\":\"BreadcrumbList\",\"@id\":\"http:\/\/dev.hotelladina.ch\/en\/guestbook\/sign-a-guestbook\/#breadcrumb\",\"itemListElement\":[{\"@type\":\"ListItem\",\"position\":1,\"item\":{\"@type\":\"WebPage\",\"@id\":\"http:\/\/dev.hotelladina.ch\/en\/\",\"url\":\"http:\/\/dev.hotelladina.ch\/en\/\",\"name\":\"Home\"}},{\"@type\":\"ListItem\",\"position\":2,\"item\":{\"@type\":\"WebPage\",\"@id\":\"http:\/\/dev.hotelladina.ch\/en\/guestbook\/\",\"url\":\"http:\/\/dev.hotelladina.ch\/en\/guestbook\/\",\"name\":\"Guestbook\"}},{\"@type\":\"ListItem\",\"position\":3,\"item\":{\"@type\":\"WebPage\",\"@id\":\"http:\/\/dev.hotelladina.ch\/en\/guestbook\/sign-a-guestbook\/\",\"url\":\"http:\/\/dev.hotelladina.ch\/en\/guestbook\/sign-a-guestbook\/\",\"name\":\"Sign a guestbook\"}}]}]}<\/script>\n<!-- \/ Yoast SEO plugin. -->","_links":{"self":[{"href":"http:\/\/dev.hotelladina.ch\/en\/wp-json\/wp\/v2\/pages\/1040"}],"collection":[{"href":"http:\/\/dev.hotelladina.ch\/en\/wp-json\/wp\/v2\/pages"}],"about":[{"href":"http:\/\/dev.hotelladina.ch\/en\/wp-json\/wp\/v2\/types\/page"}],"author":[{"embeddable":true,"href":"http:\/\/dev.hotelladina.ch\/en\/wp-json\/wp\/v2\/users\/5"}],"replies":[{"embeddable":true,"href":"http:\/\/dev.hotelladina.ch\/en\/wp-json\/wp\/v2\/comments?post=1040"}],"version-history":[{"count":5,"href":"http:\/\/dev.hotelladina.ch\/en\/wp-json\/wp\/v2\/pages\/1040\/revisions"}],"predecessor-version":[{"id":1047,"href":"http:\/\/dev.hotelladina.ch\/en\/wp-json\/wp\/v2\/pages\/1040\/revisions\/1047"}],"up":[{"embeddable":true,"href":"http:\/\/dev.hotelladina.ch\/en\/wp-json\/wp\/v2\/pages\/237"}],"wp:attachment":[{"href":"http:\/\/dev.hotelladina.ch\/en\/wp-json\/wp\/v2\/media?parent=1040"}],"curies":[{"name":"wp","href":"https:\/\/api.w.org\/{rel}","templated":true}]}}